{"id":3064,"date":"2025-04-30T12:46:13","date_gmt":"2025-04-30T10:46:13","guid":{"rendered":"https:\/\/petranka.eu\/?post_type=product&#038;p=3064"},"modified":"2025-08-27T13:35:35","modified_gmt":"2025-08-27T11:35:35","slug":"darcekovy-box-detske-body-oznamenie-tehotenstva","status":"publish","type":"product","link":"https:\/\/petranka.eu\/index.php\/product\/darcekovy-box-detske-body-oznamenie-tehotenstva\/","title":{"rendered":"Dar\u010dekov\u00fd box detsk\u00e9 body &#8211; ozn\u00e1menie tehotenstva"},"content":{"rendered":"","protected":false},"excerpt":{"rendered":"<p>Prekvapte svojich bl\u00edzkych nezabudnute\u013en\u00fdm sp\u00f4sobom! Tento \u0161t\u00fdlov\u00fd dar\u010dekov\u00fd box obsahuje jemn\u00e9 detsk\u00e9 body s n\u00e1pisom pod\u013ea v\u00e1\u0161ho v\u00fdberu, ktor\u00e9 origin\u00e1lne prezrad\u00ed t\u00fa najkraj\u0161iu novinu &#8211; \u017ee \u010dak\u00e1te b\u00e1b\u00e4tko.<\/p>\n<p><strong>Obsah boxu:<\/strong><\/p>\n<ul>\n<li>kvalitn\u00e9 body 100 % bavlna ve\u013ekosti 56<\/li>\n<li>personalizovan\u00fd n\u00e1pis na body pod\u013ea vlastn\u00e9ho v\u00fdberu<\/li>\n<li>personalizovan\u00fd n\u00e1pis vo vn\u00fatri krabi\u010dky\u00a0pod\u013ea vlastn\u00e9ho v\u00fdberu<\/li>\n<li>elegantn\u00e1 dar\u010dekov\u00e1 krabi\u010dka s v\u00fdpl\u0148ou ve\u013ekosti 23x17x7 cm<\/li>\n<\/ul>\n<p>Perfektn\u00e9 ako ozn\u00e1menie tehotenstva partnerovi, star\u00fdm rodi\u010dom \u010di kamar\u00e1tom, alebo ako mil\u00e1 spomienka na za\u010diatok novej kapitoly \u017eivota. Krabi\u010dku m\u00f4\u017ee\u0161 opakovane pou\u017ei\u0165, ke\u010f\u017ee je z pevn\u00e9ho materi\u00e1lu. Zatv\u00e1ra sa pomocou magnetu a stuhy. Farbu n\u00e1pisu vyrob\u00edm v \u010diernej, striebornej, zlatej alebo medenej farbe.<\/p>\n<p><strong>Ak si \u017eel\u00e1\u0161 in\u00e9 farby n\u00e1pisu do krabi\u010dky a na body, uve\u010f to pros\u00edm do pozn\u00e1mky k objedn\u00e1vke.<\/strong><\/p>\n<p><strong>In\u0161pir\u00e1cie pre personalizovan\u00fd text na body:<\/strong><\/p>\n<ul>\n<li>Vid\u00edme sa v (mesiac pr\u00edchodu)!<\/li>\n<li>Maminka a ocko ma u\u017e netrpezlivo \u010dakaj\u00fa!<\/li>\n<li>U\u017e teraz ma v\u0161etci miluj\u00fa!<\/li>\n<li>Ofici\u00e1lne najmlad\u0161\u00ed \u010dlen rodiny!<\/li>\n<\/ul>\n<p><strong>In\u0161pir\u00e1cie pre personalizovan\u00fd text do vn\u00fatornej strany krabi\u010dky:<\/strong><\/p>\n<ul>\n<li>Najkraj\u0161ie dobrodru\u017estvo sa pr\u00e1ve za\u010d\u00edna!<\/li>\n<li>\u010coskoro n\u00e1s bude o jedn\u00e9ho viac!<\/li>\n<li>Rodina sa rozrast\u00e1 &#8211; u\u017e \u010doskoro!<\/li>\n<li>Drobec na ceste! Prid\u00e1 sa k n\u00e1m v (mesiac\/rok).<\/li>\n<\/ul>\n<p><strong>Farba n\u00e1pisu:<\/strong><\/p>\n","protected":false},"featured_media":3080,"comment_status":"open","ping_status":"closed","template":"","meta":{"_monsterinsights_skip_tracking":false,"_monsterinsights_sitenote_active":false,"_monsterinsights_sitenote_note":"","_monsterinsights_sitenote_category":0,"site-sidebar-layout":"default","site-content-layout":"default","ast-site-content-layout":"default","site-content-style":"default","site-sidebar-style":"default","ast-global-header-display":"","ast-banner-title-visibility":"","ast-main-header-display":"","ast-hfb-above-header-display":"","ast-hfb-below-header-display":"","ast-hfb-mobile-header-display":"","site-post-title":"","ast-breadcrumbs-content":"","ast-featured-img":"","footer-sml-layout":"","ast-disable-related-posts":"","theme-transparent-header-meta":"default","adv-header-id-meta":"","stick-header-meta":"","header-above-stick-meta":"","header-main-stick-meta":"","header-below-stick-meta":"","astra-migrate-meta-layouts":"set","ast-page-background-enabled":"default","ast-page-background-meta":{"desktop":{"background-color":"","background-image":"","background-repeat":"repeat","background-position":"center center","background-size":"auto","background-attachment":"scroll","background-type":"","background-media":"","overlay-type":"","overlay-color":"","overlay-opacity":"","overlay-gradient":""},"tablet":{"background-color":"","background-image":"","background-repeat":"repeat","background-position":"center center","background-size":"auto","background-attachment":"scroll","background-type":"","background-media":"","overlay-type":"","overlay-color":"","overlay-opacity":"","overlay-gradient":""},"mobile":{"background-color":"","background-image":"","background-repeat":"repeat","background-position":"center center","background-size":"auto","background-attachment":"scroll","background-type":"","background-media":"","overlay-type":"","overlay-color":"","overlay-opacity":"","overlay-gradient":""}},"ast-content-background-meta":{"desktop":{"background-color":"var(--ast-global-color-5)","background-image":"","background-repeat":"repeat","background-position":"center center","background-size":"auto","background-attachment":"scroll","background-type":"","background-media":"","overlay-type":"","overlay-color":"","overlay-opacity":"","overlay-gradient":""},"tablet":{"background-color":"var(--ast-global-color-5)","background-image":"","background-repeat":"repeat","background-position":"center center","background-size":"auto","background-attachment":"scroll","background-type":"","background-media":"","overlay-type":"","overlay-color":"","overlay-opacity":"","overlay-gradient":""},"mobile":{"background-color":"var(--ast-global-color-5)","background-image":"","background-repeat":"repeat","background-position":"center center","background-size":"auto","background-attachment":"scroll","background-type":"","background-media":"","overlay-type":"","overlay-color":"","overlay-opacity":"","overlay-gradient":""}}},"product_cat":[54,41],"product_tag":[],"aioseo_notices":[],"_links":{"self":[{"href":"https:\/\/petranka.eu\/index.php\/wp-json\/wp\/v2\/product\/3064"}],"collection":[{"href":"https:\/\/petranka.eu\/index.php\/wp-json\/wp\/v2\/product"}],"about":[{"href":"https:\/\/petranka.eu\/index.php\/wp-json\/wp\/v2\/types\/product"}],"replies":[{"embeddable":true,"href":"https:\/\/petranka.eu\/index.php\/wp-json\/wp\/v2\/comments?post=3064"}],"wp:featuredmedia":[{"embeddable":true,"href":"https:\/\/petranka.eu\/index.php\/wp-json\/wp\/v2\/media\/3080"}],"wp:attachment":[{"href":"https:\/\/petranka.eu\/index.php\/wp-json\/wp\/v2\/media?parent=3064"}],"wp:term":[{"taxonomy":"product_cat","embeddable":true,"href":"https:\/\/petranka.eu\/index.php\/wp-json\/wp\/v2\/product_cat?post=3064"},{"taxonomy":"product_tag","embeddable":true,"href":"https:\/\/petranka.eu\/index.php\/wp-json\/wp\/v2\/product_tag?post=3064"}],"curies":[{"name":"wp","href":"https:\/\/api.w.org\/{rel}","templated":true}]}}