{"id":3011,"date":"2024-09-30T11:15:48","date_gmt":"2024-09-30T09:15:48","guid":{"rendered":"https:\/\/petranka.eu\/?post_type=product&#038;p=3011"},"modified":"2025-08-27T13:25:11","modified_gmt":"2025-08-27T11:25:11","slug":"uzatvaratelny-skleneny-pohar-so-sklenenou-slamkou-helloween","status":"publish","type":"product","link":"https:\/\/petranka.eu\/index.php\/product\/uzatvaratelny-skleneny-pohar-so-sklenenou-slamkou-helloween\/","title":{"rendered":"Uzatv\u00e1rate\u013en\u00fd sklenen\u00fd poh\u00e1r so slamkou &#8211; Halloween"},"content":{"rendered":"","protected":false},"excerpt":{"rendered":"<p>Uzatv\u00e1rate\u013en\u00fd sklenen\u00fd poh\u00e1r s bambusov\u00fdm vekom a sklenenou slamkou je funk\u010dn\u00fdm a roztomil\u00fdm dar\u010dekom pre v\u0161etk\u00fdch milovn\u00edkov r\u00f4znych n\u00e1pojov. Poh\u00e1r je vyroben\u00fd z \u010d\u00edreho skla a m\u00e1 o\u010daruj\u00face viano\u010dn\u00e9 ozdoby. Vychutnajte si s n\u00edm v\u00e1\u0161 ob\u013e\u00faben\u00fd n\u00e1poj, \u010di u\u017e je to k\u00e1va, \u010daj, varen\u00e9 v\u00edno, kakao \u010di chladen\u00fd drink. Sklenen\u00fd poh\u00e1r je vybaven\u00fd bambusov\u00fdm vekom s bezpe\u010dn\u00fdm silik\u00f3nov\u00fdm patentom pre jednoduch\u00e9 vyberanie a pripevnenie. Sklenen\u00e1 slamka zaru\u010duje pohodln\u00e9 pitie a oba komponenty s\u00fa navrhnut\u00e9 s oh\u013eadom na op\u00e4tovn\u00e9 pou\u017eitie.<\/p>\n<p>N\u00e1dobu odpor\u00fa\u010dam um\u00fdva\u0165 iba ru\u010dne s mal\u00fdm mno\u017estvom sapon\u00e1tu alebo iba s \u010distou vodou. Nevhodn\u00e1 do um\u00fdva\u010dky riadu.<\/p>\n<p class=\"article\"><strong>V\u00fd\u0161ka:<\/strong> 13,5 cm<br \/>\n<strong>Priemer:<\/strong> 7 cm<br \/>\n<strong>Obsah:<\/strong> 500 ml<\/p>\n<p>&nbsp;<\/p>\n","protected":false},"featured_media":3020,"comment_status":"open","ping_status":"closed","template":"","meta":{"_monsterinsights_skip_tracking":false,"_monsterinsights_sitenote_active":false,"_monsterinsights_sitenote_note":"","_monsterinsights_sitenote_category":0,"site-sidebar-layout":"default","site-content-layout":"default","ast-site-content-layout":"default","site-content-style":"default","site-sidebar-style":"default","ast-global-header-display":"","ast-banner-title-visibility":"","ast-main-header-display":"","ast-hfb-above-header-display":"","ast-hfb-below-header-display":"","ast-hfb-mobile-header-display":"","site-post-title":"","ast-breadcrumbs-content":"","ast-featured-img":"","footer-sml-layout":"","ast-disable-related-posts":"","theme-transparent-header-meta":"default","adv-header-id-meta":"","stick-header-meta":"","header-above-stick-meta":"","header-main-stick-meta":"","header-below-stick-meta":"","astra-migrate-meta-layouts":"set","ast-page-background-enabled":"default","ast-page-background-meta":{"desktop":{"background-color":"","background-image":"","background-repeat":"repeat","background-position":"center center","background-size":"auto","background-attachment":"scroll","background-type":"","background-media":"","overlay-type":"","overlay-color":"","overlay-opacity":"","overlay-gradient":""},"tablet":{"background-color":"","background-image":"","background-repeat":"repeat","background-position":"center center","background-size":"auto","background-attachment":"scroll","background-type":"","background-media":"","overlay-type":"","overlay-color":"","overlay-opacity":"","overlay-gradient":""},"mobile":{"background-color":"","background-image":"","background-repeat":"repeat","background-position":"center center","background-size":"auto","background-attachment":"scroll","background-type":"","background-media":"","overlay-type":"","overlay-color":"","overlay-opacity":"","overlay-gradient":""}},"ast-content-background-meta":{"desktop":{"background-color":"var(--ast-global-color-5)","background-image":"","background-repeat":"repeat","background-position":"center center","background-size":"auto","background-attachment":"scroll","background-type":"","background-media":"","overlay-type":"","overlay-color":"","overlay-opacity":"","overlay-gradient":""},"tablet":{"background-color":"var(--ast-global-color-5)","background-image":"","background-repeat":"repeat","background-position":"center center","background-size":"auto","background-attachment":"scroll","background-type":"","background-media":"","overlay-type":"","overlay-color":"","overlay-opacity":"","overlay-gradient":""},"mobile":{"background-color":"var(--ast-global-color-5)","background-image":"","background-repeat":"repeat","background-position":"center center","background-size":"auto","background-attachment":"scroll","background-type":"","background-media":"","overlay-type":"","overlay-color":"","overlay-opacity":"","overlay-gradient":""}}},"product_cat":[41,15],"product_tag":[],"aioseo_notices":[],"_links":{"self":[{"href":"https:\/\/petranka.eu\/index.php\/wp-json\/wp\/v2\/product\/3011"}],"collection":[{"href":"https:\/\/petranka.eu\/index.php\/wp-json\/wp\/v2\/product"}],"about":[{"href":"https:\/\/petranka.eu\/index.php\/wp-json\/wp\/v2\/types\/product"}],"replies":[{"embeddable":true,"href":"https:\/\/petranka.eu\/index.php\/wp-json\/wp\/v2\/comments?post=3011"}],"wp:featuredmedia":[{"embeddable":true,"href":"https:\/\/petranka.eu\/index.php\/wp-json\/wp\/v2\/media\/3020"}],"wp:attachment":[{"href":"https:\/\/petranka.eu\/index.php\/wp-json\/wp\/v2\/media?parent=3011"}],"wp:term":[{"taxonomy":"product_cat","embeddable":true,"href":"https:\/\/petranka.eu\/index.php\/wp-json\/wp\/v2\/product_cat?post=3011"},{"taxonomy":"product_tag","embeddable":true,"href":"https:\/\/petranka.eu\/index.php\/wp-json\/wp\/v2\/product_tag?post=3011"}],"curies":[{"name":"wp","href":"https:\/\/api.w.org\/{rel}","templated":true}]}}