{"id":2777,"date":"2024-01-16T15:03:38","date_gmt":"2024-01-16T14:03:38","guid":{"rendered":"https:\/\/petranka.eu\/?post_type=product&#038;p=2777"},"modified":"2025-08-27T13:42:12","modified_gmt":"2025-08-27T11:42:12","slug":"personalizovany-darcekovy-box-biely","status":"publish","type":"product","link":"https:\/\/petranka.eu\/index.php\/product\/personalizovany-darcekovy-box-biely\/","title":{"rendered":"Beauty kr\u00e1\u013eovn\u00e1 &#8211; personalizovan\u00fd biely dar\u010dekov\u00fd box"},"content":{"rendered":"","protected":false},"excerpt":{"rendered":"<p>Dar\u010dekov\u00fd box sa sklad\u00e1 z bielej kart\u00f3novej krabi\u010dky ve\u013ekosti 25x20x7 cm a obsahuje \u0161perkovnicu, zrkadielko, masku na spanie, gumi\u010dku a vrec\u00fa\u0161ko. Vyber si z troch farieb dar\u010dekov &#8211; bielej, \u010diernej alebo ru\u017eovej. Pokojne si farby namixuj pod\u013ea vlastn\u00e9ho \u017eelania. N\u00e1pis vyrob\u00edm v bielej, \u010diernej, striebornej, zlatej alebo medenej farbe. Text nemus\u00ed by\u0165 iba meno, ale napr\u00edklad aj motto &#8211; pod\u013ea tvojho uv\u00e1\u017eenia.<\/p>\n<p>krabi\u010dka 25x20x7 cm<br \/>\n\u0161perkovnica 10x10x5 cm<br \/>\nzrkadielko priemer 7 cm<br \/>\nmaska \u0161\u00edrka 20 cm, v\u00fd\u0161ka 10 cm<br \/>\nvrec\u00fa\u0161ko \u0161\u00edrka 11 cm, v\u00fd\u0161ka 15,5 cm<\/p>\n<p><strong>Ak si praje\u0161 text do vn\u00fatornej strany krabi\u010dky, vlo\u017e do ko\u0161\u00edka polo\u017eku &#8222;Text do vn\u00fatra krabi\u010dky&#8220; (+3\u20ac)\u00a0<\/strong><\/p>\n<p>V ponuke je aj \u010dierny dar\u010dekov\u00fd box, v pr\u00edpade z\u00e1ujmu mi nap\u00ed\u0161 pros\u00edm farbu do pozn\u00e1mky. V pr\u00edpade, \u017ee si \u017eel\u00e1\u0161 nakombinova\u0165 farbu dar\u010dekov, nap\u00ed\u0161 mi to taktie\u017e pros\u00edm do pozn\u00e1mky. Na v\u00fdber je z \u010diernej, bielej a ru\u017eovej farby produktov.<\/p>\n<p><strong>Farba n\u00e1pisu:<\/strong><\/p>\n<p>&nbsp;<\/p>\n","protected":false},"featured_media":2783,"comment_status":"open","ping_status":"closed","template":"","meta":{"_monsterinsights_skip_tracking":false,"_monsterinsights_sitenote_active":false,"_monsterinsights_sitenote_note":"","_monsterinsights_sitenote_category":0,"site-sidebar-layout":"default","site-content-layout":"default","ast-site-content-layout":"default","site-content-style":"default","site-sidebar-style":"default","ast-global-header-display":"","ast-banner-title-visibility":"","ast-main-header-display":"","ast-hfb-above-header-display":"","ast-hfb-below-header-display":"","ast-hfb-mobile-header-display":"","site-post-title":"","ast-breadcrumbs-content":"","ast-featured-img":"","footer-sml-layout":"","ast-disable-related-posts":"","theme-transparent-header-meta":"default","adv-header-id-meta":"","stick-header-meta":"","header-above-stick-meta":"","header-main-stick-meta":"","header-below-stick-meta":"","astra-migrate-meta-layouts":"set","ast-page-background-enabled":"default","ast-page-background-meta":{"desktop":{"background-color":"","background-image":"","background-repeat":"repeat","background-position":"center center","background-size":"auto","background-attachment":"scroll","background-type":"","background-media":"","overlay-type":"","overlay-color":"","overlay-opacity":"","overlay-gradient":""},"tablet":{"background-color":"","background-image":"","background-repeat":"repeat","background-position":"center center","background-size":"auto","background-attachment":"scroll","background-type":"","background-media":"","overlay-type":"","overlay-color":"","overlay-opacity":"","overlay-gradient":""},"mobile":{"background-color":"","background-image":"","background-repeat":"repeat","background-position":"center center","background-size":"auto","background-attachment":"scroll","background-type":"","background-media":"","overlay-type":"","overlay-color":"","overlay-opacity":"","overlay-gradient":""}},"ast-content-background-meta":{"desktop":{"background-color":"var(--ast-global-color-5)","background-image":"","background-repeat":"repeat","background-position":"center center","background-size":"auto","background-attachment":"scroll","background-type":"","background-media":"","overlay-type":"","overlay-color":"","overlay-opacity":"","overlay-gradient":""},"tablet":{"background-color":"var(--ast-global-color-5)","background-image":"","background-repeat":"repeat","background-position":"center center","background-size":"auto","background-attachment":"scroll","background-type":"","background-media":"","overlay-type":"","overlay-color":"","overlay-opacity":"","overlay-gradient":""},"mobile":{"background-color":"var(--ast-global-color-5)","background-image":"","background-repeat":"repeat","background-position":"center center","background-size":"auto","background-attachment":"scroll","background-type":"","background-media":"","overlay-type":"","overlay-color":"","overlay-opacity":"","overlay-gradient":""}}},"product_cat":[54,41],"product_tag":[],"aioseo_notices":[],"_links":{"self":[{"href":"https:\/\/petranka.eu\/index.php\/wp-json\/wp\/v2\/product\/2777"}],"collection":[{"href":"https:\/\/petranka.eu\/index.php\/wp-json\/wp\/v2\/product"}],"about":[{"href":"https:\/\/petranka.eu\/index.php\/wp-json\/wp\/v2\/types\/product"}],"replies":[{"embeddable":true,"href":"https:\/\/petranka.eu\/index.php\/wp-json\/wp\/v2\/comments?post=2777"}],"wp:featuredmedia":[{"embeddable":true,"href":"https:\/\/petranka.eu\/index.php\/wp-json\/wp\/v2\/media\/2783"}],"wp:attachment":[{"href":"https:\/\/petranka.eu\/index.php\/wp-json\/wp\/v2\/media?parent=2777"}],"wp:term":[{"taxonomy":"product_cat","embeddable":true,"href":"https:\/\/petranka.eu\/index.php\/wp-json\/wp\/v2\/product_cat?post=2777"},{"taxonomy":"product_tag","embeddable":true,"href":"https:\/\/petranka.eu\/index.php\/wp-json\/wp\/v2\/product_tag?post=2777"}],"curies":[{"name":"wp","href":"https:\/\/api.w.org\/{rel}","templated":true}]}}