{"id":2716,"date":"2023-11-30T15:51:12","date_gmt":"2023-11-30T14:51:12","guid":{"rendered":"https:\/\/petranka.eu\/?post_type=product&#038;p=2716"},"modified":"2023-11-30T15:53:12","modified_gmt":"2023-11-30T14:53:12","slug":"sujtasova-brosna-farfalla-violett","status":"publish","type":"product","link":"https:\/\/petranka.eu\/index.php\/product\/sujtasova-brosna-farfalla-violett\/","title":{"rendered":"\u0160ujt\u00e1\u0161ov\u00e1 bro\u0161\u0148a Farfalla violett"},"content":{"rendered":"","protected":false},"excerpt":{"rendered":"<p>Bro\u0161\u0148a je vyroben\u00e1 z kvalitnej \u0161ujta\u0161ky, kry\u0161t\u00e1lov a kor\u00e1lok japonskej zna\u010dky TOHO. Je ve\u013emi \u013eahk\u00e1, ide\u00e1lna na be\u017en\u00e9 nosenie.<\/p>\n<p><strong>V\u00fd\u0161ka:<\/strong> 5 cm<br \/>\n<strong>\u0160\u00edrka:<\/strong> 8 cm<\/p>\n","protected":false},"featured_media":2719,"comment_status":"open","ping_status":"closed","template":"","meta":{"_monsterinsights_skip_tracking":false,"_monsterinsights_sitenote_active":false,"_monsterinsights_sitenote_note":"","_monsterinsights_sitenote_category":0,"site-sidebar-layout":"default","site-content-layout":"default","ast-site-content-layout":"default","site-content-style":"default","site-sidebar-style":"default","ast-global-header-display":"","ast-banner-title-visibility":"","ast-main-header-display":"","ast-hfb-above-header-display":"","ast-hfb-below-header-display":"","ast-hfb-mobile-header-display":"","site-post-title":"","ast-breadcrumbs-content":"","ast-featured-img":"","footer-sml-layout":"","ast-disable-related-posts":"","theme-transparent-header-meta":"default","adv-header-id-meta":"","stick-header-meta":"","header-above-stick-meta":"","header-main-stick-meta":"","header-below-stick-meta":"","astra-migrate-meta-layouts":"set","ast-page-background-enabled":"default","ast-page-background-meta":{"desktop":{"background-color":"","background-image":"","background-repeat":"repeat","background-position":"center center","background-size":"auto","background-attachment":"scroll","background-type":"","background-media":"","overlay-type":"","overlay-color":"","overlay-opacity":"","overlay-gradient":""},"tablet":{"background-color":"","background-image":"","background-repeat":"repeat","background-position":"center center","background-size":"auto","background-attachment":"scroll","background-type":"","background-media":"","overlay-type":"","overlay-color":"","overlay-opacity":"","overlay-gradient":""},"mobile":{"background-color":"","background-image":"","background-repeat":"repeat","background-position":"center center","background-size":"auto","background-attachment":"scroll","background-type":"","background-media":"","overlay-type":"","overlay-color":"","overlay-opacity":"","overlay-gradient":""}},"ast-content-background-meta":{"desktop":{"background-color":"var(--ast-global-color-5)","background-image":"","background-repeat":"repeat","background-position":"center center","background-size":"auto","background-attachment":"scroll","background-type":"","background-media":"","overlay-type":"","overlay-color":"","overlay-opacity":"","overlay-gradient":""},"tablet":{"background-color":"var(--ast-global-color-5)","background-image":"","background-repeat":"repeat","background-position":"center center","background-size":"auto","background-attachment":"scroll","background-type":"","background-media":"","overlay-type":"","overlay-color":"","overlay-opacity":"","overlay-gradient":""},"mobile":{"background-color":"var(--ast-global-color-5)","background-image":"","background-repeat":"repeat","background-position":"center center","background-size":"auto","background-attachment":"scroll","background-type":"","background-media":"","overlay-type":"","overlay-color":"","overlay-opacity":"","overlay-gradient":""}}},"product_cat":[56,41,38],"product_tag":[],"aioseo_notices":[],"_links":{"self":[{"href":"https:\/\/petranka.eu\/index.php\/wp-json\/wp\/v2\/product\/2716"}],"collection":[{"href":"https:\/\/petranka.eu\/index.php\/wp-json\/wp\/v2\/product"}],"about":[{"href":"https:\/\/petranka.eu\/index.php\/wp-json\/wp\/v2\/types\/product"}],"replies":[{"embeddable":true,"href":"https:\/\/petranka.eu\/index.php\/wp-json\/wp\/v2\/comments?post=2716"}],"wp:featuredmedia":[{"embeddable":true,"href":"https:\/\/petranka.eu\/index.php\/wp-json\/wp\/v2\/media\/2719"}],"wp:attachment":[{"href":"https:\/\/petranka.eu\/index.php\/wp-json\/wp\/v2\/media?parent=2716"}],"wp:term":[{"taxonomy":"product_cat","embeddable":true,"href":"https:\/\/petranka.eu\/index.php\/wp-json\/wp\/v2\/product_cat?post=2716"},{"taxonomy":"product_tag","embeddable":true,"href":"https:\/\/petranka.eu\/index.php\/wp-json\/wp\/v2\/product_tag?post=2716"}],"curies":[{"name":"wp","href":"https:\/\/api.w.org\/{rel}","templated":true}]}}