{"id":2537,"date":"2023-11-08T11:41:30","date_gmt":"2023-11-08T10:41:30","guid":{"rendered":"https:\/\/petranka.eu\/?page_id=2537"},"modified":"2024-01-24T15:11:38","modified_gmt":"2024-01-24T14:11:38","slug":"obchodne-podmienky","status":"publish","type":"page","link":"https:\/\/petranka.eu\/index.php\/obchodne-podmienky\/","title":{"rendered":"Obchodn\u00e9 podmienky"},"content":{"rendered":"\t\t<div data-elementor-type=\"wp-page\" data-elementor-id=\"2537\" class=\"elementor elementor-2537\">\n\t\t\t\t\t\t<section class=\"elementor-section elementor-top-section elementor-element elementor-element-6c6a71f9 elementor-section-boxed elementor-section-height-default elementor-section-height-default\" data-id=\"6c6a71f9\" data-element_type=\"section\">\n\t\t\t\t\t\t<div class=\"elementor-container elementor-column-gap-default\">\n\t\t\t\t\t<div class=\"elementor-column elementor-col-100 elementor-top-column elementor-element elementor-element-4e5a74e9\" data-id=\"4e5a74e9\" data-element_type=\"column\">\n\t\t\t<div class=\"elementor-widget-wrap elementor-element-populated\">\n\t\t\t\t\t\t<div class=\"elementor-element elementor-element-362c4905 elementor-widget elementor-widget-heading\" data-id=\"362c4905\" data-element_type=\"widget\" data-widget_type=\"heading.default\">\n\t\t\t\t<div class=\"elementor-widget-container\">\n\t\t\t\t\t<h2 class=\"elementor-heading-title elementor-size-default\">Obchodn\u00e9 podmienky<\/h2>\t\t\t\t<\/div>\n\t\t\t\t<\/div>\n\t\t\t\t<div class=\"elementor-element elementor-element-632d25fe elementor-widget elementor-widget-text-editor\" data-id=\"632d25fe\" data-element_type=\"widget\" data-widget_type=\"text-editor.default\">\n\t\t\t\t<div class=\"elementor-widget-container\">\n\t\t\t\t\t\t\t\t\t<p><strong style=\"font-size: 16px;\">V\u0161eobecn\u00e9 obchodn\u00e9 podmienky SZ\u010cO Ing. Petra Hurekov\u00e1<\/strong><\/p>\n<p><strong style=\"font-size: 16px;\">1. Objedn\u00e1vka a uzavretie zmluvy<\/strong><\/p>\n<p>Tieto V\u0161eobecn\u00e9 obchodn\u00e9 podmienky (VOP) upravuj\u00fa vz\u0165ahy medzi zmluvn\u00fdmi stranami k\u00fapnej zmluvy, v ktorej na jednej strane je SZ\u010cO Ing. Petra Hurekov\u00e1,&nbsp; I\u010cO: 51170906, so s\u00eddlom&nbsp;Ulica Teodora Tekela 6480\/8, 917 01 Trnava &nbsp;zap\u00edsan\u00e1 v&nbsp;\u017divnostenskom&nbsp; registri pod \u010d. 250-40158, okresn\u00fd \u00farad Trnava ako pred\u00e1vaj\u00faci (\u010falej len \u201epred\u00e1vaj\u00faci\u201c) a na druhej strane je kupuj\u00faci (\u010falej len \u201ekupuj\u00faci\u201c).<\/p>\n<p>Prev\u00e1dzkovate\u013eom&nbsp; internetovej str\u00e1nky (e-shopu) www.petranka.eu je spolo\u010dnos\u0165 SZ\u010cO Ing. Petra Hurekov\u00e1,&nbsp; I\u010cO: 51170906, so s\u00eddlom&nbsp;Ulica Teodora Tekela 6480\/8, 917 01 Trnava &nbsp;zap\u00edsan\u00e1 v&nbsp;\u017divnostenskom&nbsp; registri pod \u010d. 250-40158, okresn\u00fd \u00farad Trnava pre predaj tovaru prostredn\u00edctvom on-line obchodu umiestnen\u00e9ho na internetovej adrese www.petranka.eu<\/p>\n<p>Pred\u00e1vaj\u00facim je spolo\u010dnos\u0165 SZ\u010cO Ing. Petra Hurekov\u00e1,&nbsp; I\u010cO: 51170906, so s\u00eddlom&nbsp;Ulica Teodora Tekela 6480\/8, 917 01 Trnava &nbsp;zap\u00edsan\u00e1 v&nbsp;\u017divnostenskom&nbsp; registri pod \u010d. 250-40158, okresn\u00fd \u00farad Trnava.<\/p>\n<p>Kontaktn\u00e9 \u00fadaje pred\u00e1vaj\u00faceho:<br>e-mailov\u00e1 adresa: petranka@petranka.eu<\/p>\n<p>Adresa pre pod\u00e1vanie s\u0165a\u017enost\u00ed a in\u00fdch podnetov: SZ\u010cO Ing. Petra Hurekov\u00e1, Ulica Teodora Tekela 6480\/8, 917 01 Trnava.<\/p>\n<p>Kupuj\u00facim je&nbsp;fyzick\u00e1 alebo pr\u00e1vnick\u00e1 osoba,&nbsp;ktor\u00e1 nakupuje v\u00fdrobky alebo vyu\u017e\u00edva slu\u017eby, a&nbsp;to bu\u010f ako spotrebite\u013e alebo podnikate\u013e.<\/p>\n<p>Org\u00e1nom dozoru je:<\/p>\n<p><strong>In\u0161pektor\u00e1t SOI pre Trnavsk\u00fd kraj<\/strong><br>Pek\u00e1rska 23, 917 01 Trnava 1<br>Odbor v\u00fdkonu doh\u013eadu<br><a href=\"mailto:tt@soi.sk\">tt@soi.sk<\/a><br>tel. \u010d. 033\/321 25 27, 033\/321 25 21<\/p>\n<p>Tovarom&nbsp; s\u00fa v\u0161etky produkty zverejnen\u00e9 na str\u00e1nkach e-shopu.<\/p>\n<p>Pr\u00e1vne vz\u0165ahy pred\u00e1vaj\u00faceho s kupuj\u00facim v\u00fdslovne neupraven\u00e9 t\u00fdmito VOP sa riadia pr\u00edslu\u0161n\u00fdmi ustanoveniami z\u00e1k. \u010d. 40\/1964 Zb. Ob\u010diansky z\u00e1konn\u00edk, z\u00e1k. \u010d. 250\/2007 Z. z. ochrane spotrebite\u013ea a o zmene z\u00e1kona Slovenskej n\u00e1rodnej rady \u010d. 372\/1990 Zb. o priestupkoch v znen\u00ed neskor\u0161\u00edch predpisov, z\u00e1k. \u010d. 102\/2014 Z. z. o ochrane spotrebite\u013ea pri predaji tovaru alebo poskytovan\u00ed slu\u017eieb na z\u00e1klade zmluvy uzavretej na dia\u013eku alebo zmluvy uzavretej mimo prev\u00e1dzkov\u00fdch priestorov pred\u00e1vaj\u00faceho a o zmene a doplnen\u00ed niektor\u00fdch z\u00e1konov, z\u00e1k. \u010d. 22\/2004 Z. z. o elektronickom obchode a o zmene a doplnen\u00ed z\u00e1kona \u010d. 128\/2002 Z.z. o \u0161t\u00e1tnej kontrole vn\u00fatorn\u00e9ho trhu vo veciach ochrany spotrebite\u013ea a o zmene a doplnen\u00ed niektor\u00fdch z\u00e1konov v znen\u00ed z\u00e1kona \u010d. 284\/2002 Z.z. a \u010fal\u0161\u00edmi ako aj s\u00favisiacimi predpismi.<\/p>\n<p>Kupuj\u00faci odoslan\u00edm elektronickej objedn\u00e1vky potvrdzuje, \u017ee sa vopred obozn\u00e1mil s t\u00fdmito VOP, Reklama\u010dn\u00fdm poriadkom a s Ochranou osobn\u00fdch \u00fadajov a vyjadruje t\u00fdm svoj s\u00fahlas s ich znen\u00edm platn\u00fdm a \u00fa\u010dinn\u00fdm v momente odoslania objedn\u00e1vky.<\/p>\n<p><strong style=\"font-size: 16px;\">2. Objedn\u00e1vka a uzavretie zmluvy<\/strong><\/p>\n<p>Odoslanie vyplnenej objedn\u00e1vky kupuj\u00facim sa pova\u017euje za n\u00e1vrh na uzavretie zmluvy pod\u013ea Ob\u010dianskeho z\u00e1konn\u00edka, na z\u00e1klade ponuky pred\u00e1vaj\u00faceho v&nbsp;e-shope. K&nbsp;uzavretiu zmluvy doch\u00e1dza potvrden\u00edm objedn\u00e1vky zo strany pred\u00e1vaj\u00faceho.<\/p>\n<p><strong style=\"font-size: 16px;\">3. Ceny tovaru<\/strong><\/p>\n<p>V\u0161etky ceny produktov v&nbsp;e-shope s\u00fa kone\u010dn\u00e9. Pred\u00e1vaj\u00faci nie je platite\u013eom DPH. Cena produktu nezah\u0155\u0148a n\u00e1klady na doru\u010denie. Tie s\u00fa uveden\u00e9 v&nbsp;sekci\u00ed doprava a platba a&nbsp;v&nbsp;n\u00e1kupnom ko\u0161\u00edku e\u0161te pred dokon\u010den\u00edm objedn\u00e1vky, kde kupuj\u00faci vid\u00ed aj celkov\u00fa cenu objedn\u00e1vky vr\u00e1tane n\u00e1kladov na dodanie tovaru.<\/p>\n<p><strong style=\"font-size: 16px;\">4. Platba za tovar<\/strong><\/p>\n<p>Pred\u00e1vaj\u00faci akceptuje platbu za objednan\u00fd tovar sp\u00f4sobmi, ktor\u00e9 s\u00fa uveden\u00e9 v&nbsp;sekci\u00ed doprava a platba&nbsp;.<\/p>\n<p>S\u00fa\u010das\u0165ou objedn\u00e1vky v e-shope je povinnos\u0165 kupuj\u00faceho zaplati\u0165 cenu pred\u00e1vaj\u00facemu za objednan\u00fd tovar.<\/p>\n<p><strong style=\"font-size: 16px;\">5. Dodanie tovaru<\/strong><\/p>\n<p>Objednan\u00fd tovar v\u00e1m po\u0161leme Slovenskou po\u0161tou alebo prostredn\u00edctvom zazmluvnenej prepravnej slu\u017eby. Dodanie tovaru sa uskuto\u010dn\u00ed zvy\u010dajne v&nbsp;dobe od&nbsp;1 do&nbsp;5&nbsp;dn\u00ed od&nbsp;objednania tovaru. Najviac m\u00f4\u017ee trva\u0165 20&nbsp;dn\u00ed. Na\u0161a povinnos\u0165 doda\u0165 v\u00e1m objednan\u00fd tovar je splnen\u00e1 odovzdan\u00edm tovaru prv\u00e9mu prepravcovi na&nbsp;prepravu.<\/p>\n<p>O tom, \u017ee va\u0161a objedn\u00e1vka bola odovzdan\u00e1 prepravcovi, v\u00e1s budeme informova\u0165 e-mailom. Ak&nbsp;v\u00e1m tovar nebude doru\u010den\u00fd ani do&nbsp;20&nbsp;dn\u00ed po&nbsp;na\u0161om e-maile, kontaktujte n\u00e1s, pros\u00edm, na&nbsp;adrese&nbsp;petranka@petranka.eu. Viac inform\u00e1ci\u00ed o&nbsp;dodan\u00ed tovaru n\u00e1jdete v&nbsp;sekci\u00ed&nbsp;<a href=\"https:\/\/www.sestrice.com\/doprava\/?v=13dd621f2711\">Doprava<\/a> a platba.<\/p>\n<p>Z\u00e1kazn\u00edk nadob\u00fada vlastn\u00edcke pr\u00e1vo k tovaru jeho prevzat\u00edm v mieste dodania a \u00fapln\u00fdm zaplaten\u00edm k\u00fapnej ceny. Prevzat\u00edm tovaru prech\u00e1dza na z\u00e1kazn\u00edka rovnako nebezpe\u010denstvo n\u00e1hodnej skazy a n\u00e1hodn\u00e9ho zhor\u0161enia.<\/p>\n<p><strong style=\"font-size: 16px;\">6. Z\u00e1ruka<\/strong><\/p>\n<p>Z\u00e1ru\u010dn\u00e1 doba za\u010d\u00edna plyn\u00fa\u0165 d\u0148om prevzatia tovaru. Z\u00e1ru\u010dn\u00e1 doba na&nbsp;v\u0161etok n\u00e1\u0161 tovar je 2&nbsp;roky. Z\u00e1ru\u010dn\u00e1 doba m\u00f4\u017ee by\u0165 pred\u013a\u017een\u00e1 o&nbsp;dobu, ktor\u00fa produkt str\u00e1vil v&nbsp;z\u00e1ru\u010dnej oprave. Ak&nbsp;v\u00e1m v&nbsp;d\u00f4sledku reklam\u00e1cie vymen\u00edme tovar za&nbsp;nov\u00fd, z\u00e1ru\u010dn\u00e1 doba za\u010d\u00edna plyn\u00fa\u0165 d\u00e1tumom prijatia nov\u00e9ho produktu.<\/p>\n<p>Pri doru\u010den\u00ed tovaru zodpoved\u00e1me za:<\/p>\n<ul>\n<li>dodr\u017eanie ceny, ktor\u00e1 bola platn\u00e1 v&nbsp;\u010dase odoslania objedn\u00e1vky<\/li>\n<li>odoslanie tovaru bez v\u00e1d<\/li>\n<li>dodanie tovaru v&nbsp;kvalite a&nbsp;mno\u017estve pod\u013ea objedn\u00e1vky<\/li>\n<li>prilo\u017eenie da\u0148ov\u00e9ho dokladu a&nbsp;z\u00e1ru\u010dn\u00e9ho listu (fakt\u00fary)<\/li>\n<\/ul>\n<p>Ak zist\u00edte, \u017ee niektor\u00fd z vy\u0161\u0161ie uveden\u00fdch bodov nebol naplnen\u00fd, ozn\u00e1mte n\u00e1m to najnesk\u00f4r do 48 hod\u00edn emailom na adresu petranka@petranka.eu. Neskor\u0161ie reklam\u00e1cie po\u0161kodenia alebo nekompletnosti tovaru nemusia by\u0165 uznan\u00e9. Nenesieme zodpovednos\u0165 za oneskoren\u00e9 dodanie tovaru sp\u00f4soben\u00e9 doru\u010dovate\u013eom alebo nespr\u00e1vne udanou adresou prij\u00edmate\u013ea, \u010di za po\u0161kodenie zavinen\u00e9 doru\u010dovate\u013eom.<\/p>\n<p><strong style=\"font-size: 16px;\">7. Vr\u00e1tenie tovaru &#8211; odst\u00fapenie od zmluvy<\/strong><\/p>\n<p>Do&nbsp;14&nbsp;dn\u00ed od&nbsp;prevzatia tovaru m\u00e1te pr\u00e1vo odst\u00fapi\u0165 od&nbsp;zmluvy bez uvedenia d\u00f4vodu a&nbsp;toto odst\u00fapenie sa riadi ustanoveniami z\u00e1kona \u010d.&nbsp;102\/2004&nbsp;Z.z.<\/p>\n<p>Odst\u00fapi\u0165 od&nbsp;zmluvy m\u00f4\u017eete v&nbsp;listinnej podobe alebo prostredn\u00edctvom odoslania mailu.&nbsp;Ozn\u00e1menie o&nbsp;odst\u00fapen\u00ed od&nbsp;zmluvy po\u0161lite na&nbsp;adresu:<\/p>\n<p>Ing. Petra Hurekov\u00e1<\/p>\n<p>Teodora Tekela 8<\/p>\n<p>917 01 Trnava<\/p>\n<p>alebo na&nbsp;emailov\u00fa adresu&nbsp;petranka@petranka.eu.<\/p>\n<p>Lehota 14 dn\u00ed na&nbsp;odst\u00fapenie tovaru sa pova\u017euje za&nbsp;dodr\u017ean\u00fa, ak&nbsp;odst\u00fapenie po\u0161lete najnesk\u00f4r v&nbsp;posledn\u00fd de\u0148 tejto lehoty.<\/p>\n<p>Najnesk\u00f4r do&nbsp;14&nbsp;dn\u00ed od odst\u00fapenia n\u00e1m tovar doru\u010dte alebo po&nbsp;predch\u00e1dzaj\u00facej dohode odovzdajte osobne na&nbsp;adrese:<\/p>\n<p>Ing. Petra Hurekov\u00e1<\/p>\n<p>Teodora Tekela 8<\/p>\n<p>917 01 Trnava<\/p>\n<p>Najnesk\u00f4r do&nbsp;14&nbsp;dn\u00ed od&nbsp;doru\u010denia ozn\u00e1menia v\u00e1m vr\u00e1time va\u0161e prostriedky vynalo\u017een\u00e9 na&nbsp;k\u00fapu tovaru vr\u00e1tane po\u0161tovn\u00e9ho, ktor\u00e9 ste uhradili pri k\u00fape. Ak&nbsp;ste tovar platili prevodom na \u00fa\u010det, vr\u00e1time v\u00e1m ich na&nbsp;bankov\u00fd \u00fa\u010det, z&nbsp;ktor\u00e9ho sme obdr\u017eali peniaze. Ak ste platili dobierkou vr\u00e1time v\u00e1m ich na&nbsp;bankov\u00fd \u00fa\u010det, ktor\u00fd uvediete v&nbsp;ozn\u00e1men\u00ed o&nbsp;odst\u00fapen\u00ed od&nbsp;zmluvy.<\/p>\n<p>14 d\u0148ov\u00e1 lehota na&nbsp;vr\u00e1tenie tovaru nesl\u00fa\u017ei na&nbsp;bezplatn\u00e9 vysk\u00fa\u0161anie si produktu. Vr\u00e1ti\u0165 m\u00f4\u017eete len nepou\u017eit\u00fd tovar.<\/p>\n<p>N\u00e1klady na vr\u00e1tenie tovaru zn\u00e1\u0161a spotrebite\u013e. Tovar vr\u00e1ten\u00fd formou dobierky nepreberieme.<\/p>\n<p><strong style=\"font-size: 16px;\">8. Reklam\u00e1cie<\/strong><\/p>\n<p>Pri chybe, ktor\u00e1 sa d\u00e1 odstr\u00e1ni\u0165 a&nbsp;objav\u00ed sa po\u010das z\u00e1ru\u010dnej doby, m\u00e1te n\u00e1rok na&nbsp;bezplatn\u00e9 a&nbsp;riadne odstr\u00e1nenie chyby. V&nbsp;pr\u00edpade chyby, ktor\u00e1 sa ned\u00e1 odstr\u00e1ni\u0165, alebo viackr\u00e1t opakovanej odstr\u00e1nite\u013enej chyby (viac ako 2-kr\u00e1t), alebo v\u00e4\u010d\u0161ieho po\u010dtu r\u00f4znych odstr\u00e1nite\u013en\u00fdch ch\u00fdb, ktor\u00e9 br\u00e1nia riadnemu u\u017e\u00edvaniu tovaru ako tovaru bez chyby, pred\u00e1vaj\u00faci vybav\u00ed reklam\u00e1ciu v&nbsp;z\u00e1vislosti od&nbsp;v\u00e1\u0161ho rozhodnutia mo\u017en\u00fdmi sp\u00f4sobmi: v\u00fdmenou tovaru, primeranou z\u013eavou z&nbsp;tovaru alebo odst\u00fapen\u00edm od&nbsp;k\u00fapnej zmluvy.<\/p>\n<p>Reklam\u00e1ciu si m\u00f4\u017eete uplatni\u0165 na&nbsp;adrese&nbsp;<a href=\"mailto:petranka@petranka.eu\">petranka@petranka.eu<\/a>. Pred t\u00fdm, ako n\u00e1m tovar budete posiela\u0165 sp\u00e4\u0165 na&nbsp;reklam\u00e1ciu, n\u00e1s, pros\u00edm, v\u017edy vopred kontaktujte.<\/p>\n<p>Po prijat\u00ed tovaru bude reklam\u00e1cia vybaven\u00e1 v&nbsp;\u010do najkrat\u0161om \u010dase, najnesk\u00f4r v\u0161ak do&nbsp;30&nbsp;dn\u00ed od&nbsp;prijatia reklamovan\u00e9ho tovaru. O&nbsp;v\u00fdsledku reklam\u00e1cie budete informovan\u00ed bezprostredne po&nbsp;rozhodnut\u00ed o&nbsp;opr\u00e1vnenosti reklam\u00e1cie e-mailom alebo telefonicky. Z\u00e1ruka sa nevz\u0165ahuje na&nbsp;opotrebovanie vec\u00ed, ktor\u00e9 je sp\u00f4soben\u00e9 ich be\u017en\u00fdm pou\u017e\u00edvan\u00edm, napr\u00edklad \u017emolky, ktor\u00e9 sa prirodzene vytv\u00e1raj\u00fa na&nbsp;text\u00edli\u00e1ch,&nbsp;tie\u017e na&nbsp;mechanick\u00e9 po\u0161kodenie (tak\u00e9 po\u0161kodenie v\u00fdrobku, ktor\u00e9 nemohlo vznikn\u00fa\u0165 be\u017en\u00fdm pou\u017e\u00edvan\u00edm tovaru na&nbsp;\u00fa\u010del, pre ktor\u00fd bol vyroben\u00fd).<\/p>\n<p>Ak ide o&nbsp;tovar, u ktor\u00e9ho bola cena zn\u00ed\u017een\u00e1 kv\u00f4li jeho materi\u00e1lovej chybe, z\u00e1ruka sa nevz\u0165ahuje na&nbsp;t\u00fato chybu. Z\u00e1ruka sa nevz\u0165ahuje na&nbsp;chybu alebo po\u0161kodenie, ktor\u00e9 vzniklo nespr\u00e1vnym o\u0161etrovan\u00edm (napr\u00edklad pran\u00edm v&nbsp;nevhodnom pracom prostriedku, na&nbsp;nevhodnom pracom programe), po\u0161kodenie sp\u00f4soben\u00e9 dom\u00e1cimi \u0161kodcami, ako je napr\u00edklad mo\u013ea \u0161atov\u00e1, pou\u017e\u00edvan\u00edm v&nbsp;rozpore s&nbsp;\u00fa\u010delom, na&nbsp;ktor\u00fd je tovar ur\u010den\u00fd. Z\u00e1ruka sa nevz\u0165ahuje na&nbsp;rozdielnu farebnos\u0165 re\u00e1lneho produktu vo\u010di jeho vyobrazeniu na&nbsp;fotografi\u00e1ch pou\u017eit\u00fdch na&nbsp;tejto str\u00e1nke, preto\u017ee nevieme garantova\u0165, ako sa farby zobrazuj\u00fa na&nbsp;va\u0161om displeji.<\/p>\n<p>Z\u00e1ruka sa nevz\u0165ahuje na chyby, ktor\u00e9 vznikli po uplynut\u00ed z\u00e1ru\u010dnej doby.<\/p>\n<p><strong style=\"font-size: 16px;\">9. Rie\u0161enie sporov<\/strong><\/p>\n<p>Nakupuj\u00faci \u2013 spotrebite\u013e \u2013 m\u00e1 pr\u00e1vo obr\u00e1ti\u0165 sa na pred\u00e1vaj\u00faceho so \u017eiados\u0165ou o n\u00e1pravu (napr\u00edklad e-mailom), ak nie je spokojn\u00fd so sp\u00f4sobom, ktor\u00fdm pred\u00e1vaj\u00faci vybavil jeho reklam\u00e1ciu alebo ak sa domnieva, \u017ee pred\u00e1vaj\u00faci poru\u0161il jeho spotrebite\u013esk\u00e9 pr\u00e1va. Ak pred\u00e1vaj\u00faci odpovie na t\u00fato \u017eiados\u0165 zamietavo alebo na \u0148u neodpovie do 30 dn\u00ed od jej odoslania, spotrebite\u013e m\u00e1 pr\u00e1vo poda\u0165 n\u00e1vrh na za\u010datie alternat\u00edvneho rie\u0161enia sporu subjektu alternat\u00edvneho rie\u0161enia sporov (\u010falej len subjekt ARS) pod\u013ea z\u00e1kona 391\/2015 Z.z. ARS subjektami s\u00fa org\u00e1ny a opr\u00e1vnen\u00e9 pr\u00e1vnick\u00e9 osoby pod\u013ea \u00a73 z\u00e1kona 391\/2015 Z.z. Zoznam subjektov ARS je mo\u017en\u00e9 n\u00e1js\u0165 na str\u00e1nke Ministerstva hospod\u00e1rstva SR&nbsp;<a href=\"http:\/\/www.mhsr.sk\/\">www.mhsr.sk<\/a>. N\u00e1vrh m\u00f4\u017ee spotrebite\u013e poda\u0165 sp\u00f4sobom ur\u010den\u00fdm pod\u013ea \u00a712 Z\u00e1kona 391\/2015 Z.z.<\/p>\n<p>Spotrebite\u013e m\u00f4\u017ee poda\u0165 s\u0165a\u017enos\u0165 aj prostredn\u00edctvom platformy alternat\u00edvneho rie\u0161enia sporov RSO, ktor\u00e1 je dostupn\u00e1 online na&nbsp;<a href=\"https:\/\/ec.europa.eu\/consumers\/odr\/main\/index.cfm\">https:\/\/ec.europa.eu\/consumers\/odr\/main\/index.cfm<\/a>.<\/p>\n<p>Alternat\u00edvne rie\u0161enie sporov m\u00f4\u017ee vyu\u017ei\u0165 len spotrebite\u013e \u2013 fyzick\u00e1 osoba, ktor\u00e1 pri uzatv\u00e1ran\u00ed a plnen\u00ed spotrebite\u013eskej zmluvy nekon\u00e1 v r\u00e1mci predmetu svojej podnikate\u013eskej \u010dinnosti, zamestnania alebo povolania. Alternat\u00edvne rie\u0161enie sporov sa t\u00fdka len sporu medzi spotrebite\u013eom a pred\u00e1vaj\u00facim, vypl\u00fdvaj\u00faceho zo spotrebite\u013eskej zmluvy alebo s\u00favisiaceho so spotrebite\u013eskou zmluvou. Alternat\u00edvne rie\u0161enie sporov sa t\u00fdka len zml\u00fav uzatvoren\u00fdch na dia\u013eku. Alternat\u00edvne rie\u0161enie sporov sa net\u00fdka sporov, kde hodnota sporu neprevy\u0161uje sumu 20 EUR. Subjekt ARS m\u00f4\u017ee od spotrebite\u013ea po\u017eadova\u0165 \u00fahradu poplatku za za\u010datie alternat\u00edvneho rie\u0161enia sporu maxim\u00e1lne do v\u00fd\u0161ky 5 EUR s DPH.<\/p>\n<p><strong><span style=\"font-style: inherit; color: var(--ast-global-color-2);\">10.&nbsp;<\/span>Ochrana s\u00fakromia a osobn\u00fdch \u00fadajov<\/strong><\/p>\n<p>V\u0161etky va\u0161e osobn\u00e9 \u00fadaje s\u00fa sprac\u00favan\u00e9 v&nbsp;zmysle z\u00e1kona \u010d.&nbsp;18\/2018&nbsp;Z.z., o&nbsp;ochrane osobn\u00fdch \u00fadajov a&nbsp;o&nbsp;zmene a&nbsp;doplnen\u00ed niektor\u00fdch z\u00e1konov (\u010falej len \u201cz\u00e1kon\u201d) a&nbsp;pod\u013ea nariadenia Eur\u00f3pskeho parlamentu a&nbsp;rady (E\u00da) 2016\/679 z 27. apr\u00edla 2016 (GDPR).<\/p>\n<p>Pre vyu\u017e\u00edvanie internetovej str\u00e1nky&nbsp;www.petranka.eu&nbsp;a&nbsp;nakupovanie v&nbsp;elektronickom obchode, ktor\u00fd je na&nbsp;nej umiestnen\u00fd, od&nbsp;v\u00e1s vy\u017eadujeme len nevyhnut\u00e9 osobn\u00e9 \u00fadaje. Sl\u00fa\u017eia iba pre \u00fa\u010dely identifik\u00e1cie pri n\u00e1kupe, \u00fa\u010dtov\u00e9 \u00fakony a&nbsp;zaslanie tovaru na&nbsp;va\u0161u adresu.<\/p>\n<p>Pre nakupovanie v&nbsp;elektronickom obchode nie je potrebn\u00e1 registr\u00e1cia.<\/p>\n<p>O&nbsp;zmenu, transfer, obmedzenie alebo vymazanie va\u0161ich osobn\u00fdch \u00fadajov m\u00f4\u017eete kedyko\u013evek po\u017eiada\u0165 na&nbsp;adrese&nbsp;<a href=\"mailto:privacy@sestrice.com\">petranka<\/a>@petranka.eu. Na&nbsp;t\u00fato adresu m\u00f4\u017eete rovnako nap\u00edsa\u0165 v&nbsp;pr\u00edpade ak\u00fdchko\u013evek ot\u00e1zok oh\u013eadom ochrany s\u00fakromia.<\/p>\n<p><br><\/p>\n<p><br><\/p>\t\t\t\t\t\t\t\t<\/div>\n\t\t\t\t<\/div>\n\t\t\t\t\t<\/div>\n\t\t<\/div>\n\t\t\t\t\t<\/div>\n\t\t<\/section>\n\t\t\t\t<\/div>\n\t\t","protected":false},"excerpt":{"rendered":"<p>Obchodn\u00e9 podmienky V\u0161eobecn\u00e9 obchodn\u00e9 podmienky SZ\u010cO Ing. Petra Hurekov\u00e1 1. Objedn\u00e1vka a uzavretie zmluvy Tieto V\u0161eobecn\u00e9 obchodn\u00e9 podmienky (VOP) upravuj\u00fa vz\u0165ahy medzi zmluvn\u00fdmi stranami k\u00fapnej zmluvy, v ktorej na jednej strane je SZ\u010cO Ing. Petra Hurekov\u00e1,&nbsp; I\u010cO: 51170906, so s\u00eddlom&nbsp;Ulica Teodora Tekela 6480\/8, 917 01 Trnava &nbsp;zap\u00edsan\u00e1 v&nbsp;\u017divnostenskom&nbsp; registri pod \u010d. 250-40158, okresn\u00fd \u00farad Trnava [&hellip;]<\/p>\n","protected":false},"author":1,"featured_media":0,"parent":0,"menu_order":0,"comment_status":"closed","ping_status":"closed","template":"","meta":{"_monsterinsights_skip_tracking":false,"_monsterinsights_sitenote_active":false,"_monsterinsights_sitenote_note":"","_monsterinsights_sitenote_category":0,"site-sidebar-layout":"no-sidebar","site-content-layout":"page-builder","ast-site-content-layout":"full-width-container","site-content-style":"unboxed","site-sidebar-style":"unboxed","ast-global-header-display":"","ast-banner-title-visibility":"","ast-main-header-display":"","ast-hfb-above-header-display":"","ast-hfb-below-header-display":"","ast-hfb-mobile-header-display":"","site-post-title":"disabled","ast-breadcrumbs-content":"","ast-featured-img":"disabled","footer-sml-layout":"","ast-disable-related-posts":"","theme-transparent-header-meta":"default","adv-header-id-meta":"","stick-header-meta":"","header-above-stick-meta":"","header-main-stick-meta":"","header-below-stick-meta":"","astra-migrate-meta-layouts":"set","ast-page-background-enabled":"default","ast-page-background-meta":{"desktop":{"background-color":"","background-image":"","background-repeat":"repeat","background-position":"center center","background-size":"auto","background-attachment":"scroll","background-type":"","background-media":"","overlay-type":"","overlay-color":"","overlay-opacity":"","overlay-gradient":""},"tablet":{"background-color":"","background-image":"","background-repeat":"repeat","background-position":"center center","background-size":"auto","background-attachment":"scroll","background-type":"","background-media":"","overlay-type":"","overlay-color":"","overlay-opacity":"","overlay-gradient":""},"mobile":{"background-color":"","background-image":"","background-repeat":"repeat","background-position":"center center","background-size":"auto","background-attachment":"scroll","background-type":"","background-media":"","overlay-type":"","overlay-color":"","overlay-opacity":"","overlay-gradient":""}},"ast-content-background-meta":{"desktop":{"background-color":"var(--ast-global-color-5)","background-image":"","background-repeat":"repeat","background-position":"center center","background-size":"auto","background-attachment":"scroll","background-type":"","background-media":"","overlay-type":"","overlay-color":"","overlay-opacity":"","overlay-gradient":""},"tablet":{"background-color":"var(--ast-global-color-5)","background-image":"","background-repeat":"repeat","background-position":"center center","background-size":"auto","background-attachment":"scroll","background-type":"","background-media":"","overlay-type":"","overlay-color":"","overlay-opacity":"","overlay-gradient":""},"mobile":{"background-color":"var(--ast-global-color-5)","background-image":"","background-repeat":"repeat","background-position":"center center","background-size":"auto","background-attachment":"scroll","background-type":"","background-media":"","overlay-type":"","overlay-color":"","overlay-opacity":"","overlay-gradient":""}},"footnotes":""},"aioseo_notices":[],"_links":{"self":[{"href":"https:\/\/petranka.eu\/index.php\/wp-json\/wp\/v2\/pages\/2537"}],"collection":[{"href":"https:\/\/petranka.eu\/index.php\/wp-json\/wp\/v2\/pages"}],"about":[{"href":"https:\/\/petranka.eu\/index.php\/wp-json\/wp\/v2\/types\/page"}],"author":[{"embeddable":true,"href":"https:\/\/petranka.eu\/index.php\/wp-json\/wp\/v2\/users\/1"}],"replies":[{"embeddable":true,"href":"https:\/\/petranka.eu\/index.php\/wp-json\/wp\/v2\/comments?post=2537"}],"version-history":[{"count":13,"href":"https:\/\/petranka.eu\/index.php\/wp-json\/wp\/v2\/pages\/2537\/revisions"}],"predecessor-version":[{"id":2841,"href":"https:\/\/petranka.eu\/index.php\/wp-json\/wp\/v2\/pages\/2537\/revisions\/2841"}],"wp:attachment":[{"href":"https:\/\/petranka.eu\/index.php\/wp-json\/wp\/v2\/media?parent=2537"}],"curies":[{"name":"wp","href":"https:\/\/api.w.org\/{rel}","templated":true}]}}