{"id":2527,"date":"2023-11-08T11:39:13","date_gmt":"2023-11-08T10:39:13","guid":{"rendered":"https:\/\/petranka.eu\/?page_id=2527"},"modified":"2023-12-03T18:16:45","modified_gmt":"2023-12-03T17:16:45","slug":"ako-nakupit","status":"publish","type":"page","link":"https:\/\/petranka.eu\/index.php\/ako-nakupit\/","title":{"rendered":"Ako nak\u00fapi\u0165"},"content":{"rendered":"\t\t<div data-elementor-type=\"wp-page\" data-elementor-id=\"2527\" class=\"elementor elementor-2527\">\n\t\t\t\t\t\t<section class=\"elementor-section elementor-top-section elementor-element elementor-element-c11a234 elementor-section-boxed elementor-section-height-default elementor-section-height-default\" data-id=\"c11a234\" data-element_type=\"section\">\n\t\t\t\t\t\t<div class=\"elementor-container elementor-column-gap-default\">\n\t\t\t\t\t<div class=\"elementor-column elementor-col-100 elementor-top-column elementor-element elementor-element-f1e2827\" data-id=\"f1e2827\" data-element_type=\"column\">\n\t\t\t<div class=\"elementor-widget-wrap elementor-element-populated\">\n\t\t\t\t\t\t<div class=\"elementor-element elementor-element-6ddc68d elementor-widget elementor-widget-heading\" data-id=\"6ddc68d\" data-element_type=\"widget\" data-widget_type=\"heading.default\">\n\t\t\t\t<div class=\"elementor-widget-container\">\n\t\t\t\t\t<h2 class=\"elementor-heading-title elementor-size-default\">Ako nak\u00fapi\u0165<\/h2>\t\t\t\t<\/div>\n\t\t\t\t<\/div>\n\t\t\t\t<div class=\"elementor-element elementor-element-7da21f6 elementor-widget elementor-widget-text-editor\" data-id=\"7da21f6\" data-element_type=\"widget\" data-widget_type=\"text-editor.default\">\n\t\t\t\t<div class=\"elementor-widget-container\">\n\t\t\t\t\t\t\t\t\t<p>Vlo\u017ete do ko\u0161\u00edka Vami po\u017eadovan\u00e9 produkty. Pri personalizovan\u00fdch dar\u010dekoch resp. dar\u010dekov\u00fdch boxoch si vyberte farbu n\u00e1pisu a&nbsp;do pol\u00ed\u010dka dopl\u0148te meno alebo text, ktor\u00fd chcete ma\u0165 na produkte vyhotoven\u00fd. Ak si nie ste ist\u00fd s&nbsp;v\u00fdberom alebo potrebujete s&nbsp;nie\u010d\u00edm poradi\u0165, kontaktujte ma pros\u00edm na <a href=\"mailto:petranka@petranka.eu\">petranka@petranka.eu<\/a>, rada v\u00e1m pom\u00f4\u017eem.<\/p>\n<p><br><\/p>\n<p><br><\/p>\n<p><br><\/p>\n<p><br><\/p>\n<p><br><\/p><p><br><\/p>\n<p><\/p>\t\t\t\t\t\t\t\t<\/div>\n\t\t\t\t<\/div>\n\t\t\t\t\t<\/div>\n\t\t<\/div>\n\t\t\t\t\t<\/div>\n\t\t<\/section>\n\t\t\t\t<\/div>\n\t\t","protected":false},"excerpt":{"rendered":"<p>Ako nak\u00fapi\u0165 Vlo\u017ete do ko\u0161\u00edka Vami po\u017eadovan\u00e9 produkty. Pri personalizovan\u00fdch dar\u010dekoch resp. dar\u010dekov\u00fdch boxoch si vyberte farbu n\u00e1pisu a&nbsp;do pol\u00ed\u010dka dopl\u0148te meno alebo text, ktor\u00fd chcete ma\u0165 na produkte vyhotoven\u00fd. Ak si nie ste ist\u00fd s&nbsp;v\u00fdberom alebo potrebujete s&nbsp;nie\u010d\u00edm poradi\u0165, kontaktujte ma pros\u00edm na petranka@petranka.eu, rada v\u00e1m pom\u00f4\u017eem.<\/p>\n","protected":false},"author":1,"featured_media":0,"parent":0,"menu_order":0,"comment_status":"closed","ping_status":"closed","template":"","meta":{"_monsterinsights_skip_tracking":false,"_monsterinsights_sitenote_active":false,"_monsterinsights_sitenote_note":"","_monsterinsights_sitenote_category":0,"site-sidebar-layout":"no-sidebar","site-content-layout":"page-builder","ast-site-content-layout":"full-width-container","site-content-style":"default","site-sidebar-style":"default","ast-global-header-display":"","ast-banner-title-visibility":"","ast-main-header-display":"","ast-hfb-above-header-display":"","ast-hfb-below-header-display":"","ast-hfb-mobile-header-display":"","site-post-title":"disabled","ast-breadcrumbs-content":"","ast-featured-img":"disabled","footer-sml-layout":"","ast-disable-related-posts":"","theme-transparent-header-meta":"","adv-header-id-meta":"","stick-header-meta":"","header-above-stick-meta":"","header-main-stick-meta":"","header-below-stick-meta":"","astra-migrate-meta-layouts":"default","ast-page-background-enabled":"default","ast-page-background-meta":{"desktop":{"background-color":"","background-image":"","background-repeat":"repeat","background-position":"center center","background-size":"auto","background-attachment":"scroll","background-type":"","background-media":"","overlay-type":"","overlay-color":"","overlay-opacity":"","overlay-gradient":""},"tablet":{"background-color":"","background-image":"","background-repeat":"repeat","background-position":"center center","background-size":"auto","background-attachment":"scroll","background-type":"","background-media":"","overlay-type":"","overlay-color":"","overlay-opacity":"","overlay-gradient":""},"mobile":{"background-color":"","background-image":"","background-repeat":"repeat","background-position":"center center","background-size":"auto","background-attachment":"scroll","background-type":"","background-media":"","overlay-type":"","overlay-color":"","overlay-opacity":"","overlay-gradient":""}},"ast-content-background-meta":{"desktop":{"background-color":"var(--ast-global-color-5)","background-image":"","background-repeat":"repeat","background-position":"center center","background-size":"auto","background-attachment":"scroll","background-type":"","background-media":"","overlay-type":"","overlay-color":"","overlay-opacity":"","overlay-gradient":""},"tablet":{"background-color":"var(--ast-global-color-5)","background-image":"","background-repeat":"repeat","background-position":"center center","background-size":"auto","background-attachment":"scroll","background-type":"","background-media":"","overlay-type":"","overlay-color":"","overlay-opacity":"","overlay-gradient":""},"mobile":{"background-color":"var(--ast-global-color-5)","background-image":"","background-repeat":"repeat","background-position":"center center","background-size":"auto","background-attachment":"scroll","background-type":"","background-media":"","overlay-type":"","overlay-color":"","overlay-opacity":"","overlay-gradient":""}},"footnotes":""},"aioseo_notices":[],"_links":{"self":[{"href":"https:\/\/petranka.eu\/index.php\/wp-json\/wp\/v2\/pages\/2527"}],"collection":[{"href":"https:\/\/petranka.eu\/index.php\/wp-json\/wp\/v2\/pages"}],"about":[{"href":"https:\/\/petranka.eu\/index.php\/wp-json\/wp\/v2\/types\/page"}],"author":[{"embeddable":true,"href":"https:\/\/petranka.eu\/index.php\/wp-json\/wp\/v2\/users\/1"}],"replies":[{"embeddable":true,"href":"https:\/\/petranka.eu\/index.php\/wp-json\/wp\/v2\/comments?post=2527"}],"version-history":[{"count":18,"href":"https:\/\/petranka.eu\/index.php\/wp-json\/wp\/v2\/pages\/2527\/revisions"}],"predecessor-version":[{"id":2742,"href":"https:\/\/petranka.eu\/index.php\/wp-json\/wp\/v2\/pages\/2527\/revisions\/2742"}],"wp:attachment":[{"href":"https:\/\/petranka.eu\/index.php\/wp-json\/wp\/v2\/media?parent=2527"}],"curies":[{"name":"wp","href":"https:\/\/api.w.org\/{rel}","templated":true}]}}