{"id":1083,"date":"2019-01-23T06:31:31","date_gmt":"2019-01-23T06:31:31","guid":{"rendered":"https:\/\/petranka.eu\/index.php\/about-us\/"},"modified":"2024-02-06T14:30:51","modified_gmt":"2024-02-06T13:30:51","slug":"about-us","status":"publish","type":"page","link":"https:\/\/petranka.eu\/index.php\/about-us\/","title":{"rendered":"O mne"},"content":{"rendered":"\t\t<div data-elementor-type=\"wp-post\" data-elementor-id=\"1083\" class=\"elementor elementor-1083\">\n\t\t\t\t\t\t<section class=\"elementor-section elementor-top-section elementor-element elementor-element-5a8639b elementor-section-full_width elementor-section-height-default elementor-section-height-default\" data-id=\"5a8639b\" data-element_type=\"section\" data-settings=\"{&quot;background_background&quot;:&quot;classic&quot;}\">\n\t\t\t\t\t\t<div class=\"elementor-container elementor-column-gap-default\">\n\t\t\t\t\t<div class=\"elementor-column elementor-col-100 elementor-top-column elementor-element elementor-element-b0157eb\" data-id=\"b0157eb\" data-element_type=\"column\">\n\t\t\t<div class=\"elementor-widget-wrap elementor-element-populated\">\n\t\t\t\t\t\t<div class=\"elementor-element elementor-element-f7f36bf elementor-widget elementor-widget-spacer\" data-id=\"f7f36bf\" data-element_type=\"widget\" data-widget_type=\"spacer.default\">\n\t\t\t\t<div class=\"elementor-widget-container\">\n\t\t\t\t\t\t\t<div class=\"elementor-spacer\">\n\t\t\t<div class=\"elementor-spacer-inner\"><\/div>\n\t\t<\/div>\n\t\t\t\t\t\t<\/div>\n\t\t\t\t<\/div>\n\t\t\t\t\t<\/div>\n\t\t<\/div>\n\t\t\t\t\t<\/div>\n\t\t<\/section>\n\t\t\t\t<section class=\"elementor-section elementor-top-section elementor-element elementor-element-037a194 elementor-section-boxed elementor-section-height-default elementor-section-height-default\" data-id=\"037a194\" data-element_type=\"section\">\n\t\t\t\t\t\t<div class=\"elementor-container elementor-column-gap-default\">\n\t\t\t\t\t<div class=\"elementor-column elementor-col-100 elementor-top-column elementor-element elementor-element-62d7fb8\" data-id=\"62d7fb8\" data-element_type=\"column\">\n\t\t\t<div class=\"elementor-widget-wrap elementor-element-populated\">\n\t\t\t\t\t\t<div class=\"elementor-element elementor-element-1d8845c elementor-widget elementor-widget-heading\" data-id=\"1d8845c\" data-element_type=\"widget\" data-widget_type=\"heading.default\">\n\t\t\t\t<div class=\"elementor-widget-container\">\n\t\t\t\t\t<h2 class=\"elementor-heading-title elementor-size-default\">M\u00f4j pr\u00edbeh<\/h2>\t\t\t\t<\/div>\n\t\t\t\t<\/div>\n\t\t\t\t\t<\/div>\n\t\t<\/div>\n\t\t\t\t\t<\/div>\n\t\t<\/section>\n\t\t\t\t<section class=\"elementor-section elementor-top-section elementor-element elementor-element-31b0a2b elementor-section-boxed elementor-section-height-default elementor-section-height-default\" data-id=\"31b0a2b\" data-element_type=\"section\">\n\t\t\t\t\t\t<div class=\"elementor-container elementor-column-gap-wider\">\n\t\t\t\t\t<div class=\"elementor-column elementor-col-50 elementor-top-column elementor-element elementor-element-2ec82cb\" data-id=\"2ec82cb\" data-element_type=\"column\">\n\t\t\t<div class=\"elementor-widget-wrap elementor-element-populated\">\n\t\t\t\t\t\t<div class=\"elementor-element elementor-element-924f0fd elementor-widget elementor-widget-image\" data-id=\"924f0fd\" data-element_type=\"widget\" data-widget_type=\"image.default\">\n\t\t\t\t<div class=\"elementor-widget-container\">\n\t\t\t\t\t\t\t\t\t\t\t\t\t\t\t<img fetchpriority=\"high\" decoding=\"async\" width=\"769\" height=\"1024\" src=\"https:\/\/petranka.eu\/wp-content\/uploads\/2023\/11\/IMG_2306-769x1024.jpg\" class=\"attachment-large size-large wp-image-2706\" alt=\"\" srcset=\"https:\/\/petranka.eu\/wp-content\/uploads\/2023\/11\/IMG_2306-769x1024.jpg 769w, https:\/\/petranka.eu\/wp-content\/uploads\/2023\/11\/IMG_2306-600x799.jpg 600w, https:\/\/petranka.eu\/wp-content\/uploads\/2023\/11\/IMG_2306-225x300.jpg 225w, https:\/\/petranka.eu\/wp-content\/uploads\/2023\/11\/IMG_2306-768x1022.jpg 768w, https:\/\/petranka.eu\/wp-content\/uploads\/2023\/11\/IMG_2306-1154x1536.jpg 1154w, https:\/\/petranka.eu\/wp-content\/uploads\/2023\/11\/IMG_2306.jpg 1202w\" sizes=\"(max-width: 769px) 100vw, 769px\" \/>\t\t\t\t\t\t\t\t\t\t\t\t\t\t\t<\/div>\n\t\t\t\t<\/div>\n\t\t\t\t\t<\/div>\n\t\t<\/div>\n\t\t\t\t<div class=\"elementor-column elementor-col-50 elementor-top-column elementor-element elementor-element-6fb546a\" data-id=\"6fb546a\" data-element_type=\"column\">\n\t\t\t<div class=\"elementor-widget-wrap elementor-element-populated\">\n\t\t\t\t\t\t<div class=\"elementor-element elementor-element-a1cae15 elementor-widget elementor-widget-text-editor\" data-id=\"a1cae15\" data-element_type=\"widget\" data-widget_type=\"text-editor.default\">\n\t\t\t\t<div class=\"elementor-widget-container\">\n\t\t\t\t\t\t\t\t\t<p>Ahojte, vol\u00e1m sa Petra a som zakladate\u013ekou zna\u010dky Petranka. Petranka vznikla na konci roku 2016, kedy som u\u017e bola ako tak p\u00e1r mesiacov zabehnut\u00e1 v klasickej robote. Nie\u010do mi v\u0161ak ch\u00fdbalo, ch\u00fdbala mi kreat\u00edvna pr\u00e1ca a tvorenie. Uva\u017eovala som, ak\u00fdm smerom by som mohla \u00eds\u0165, h\u013eadala som in\u0161pir\u00e1cie na internete a na\u0161la som. Zaujala ma \u0161ujt\u00e1\u0161ov\u00e1 met\u00f3da vyr\u00e1bania \u0161perkov. Nak\u00fapila som si prv\u00fd materi\u00e1l, pozerala som si r\u00f4zne vide\u00e1 a za\u010dala som sk\u00fa\u0161a\u0165. Kupodivu mi to i\u0161lo vcelku od ruky a \u010do je hlavn\u00e9, bavilo ma to a tak vznikali prv\u00e9 n\u00e1u\u0161nice &#8211; Petranky. Nesk\u00f4r som za\u010dala okrem n\u00e1u\u0161n\u00edc vyr\u00e1ba\u0165 aj bro\u0161ne. Pracovala som na sebe, zdokona\u013eovala som si svoju techniku, zakomponovala som do \u0161perkov \u010do najlep\u0161ie materi\u00e1ly ako sw.kry\u0161t\u00e1ly, striebro, chirurgick\u00fa oce\u013e ale ako to u\u017e b\u00fdva, \u017eivot je niekedy ako na trampol\u00edne. Potrebovala som si da\u0165 na chv\u00ed\u013eu pauzu no z chv\u00ed\u013eky&nbsp;to bolo nakoniec dva a pol roka :-D. Moje okolie bolo celkom prekvapen\u00e9 a sna\u017eili sa ma motivova\u0165 aby som pokra\u010dovala, ale \u010dlovek mus\u00ed po\u010d\u00fava\u0165 s\u00e1m seba a ja som vedela, \u017ee to takto m\u00e1 by\u0165. Najviac ma podporoval m\u00f4j priate\u013e u\u017e teraz man\u017eel, aby som sa k \u0161itiu vr\u00e1tila. A tak sa aj stalo. V roku 2021 som op\u00e4\u0165 chytila do r\u00fak ihlu :). Pre\u0161ila som sa a\u017e do roku 2023, kedy mi skrsla my\u0161lienka personalizovan\u00fdch dar\u010dekov. Op\u00e4\u0165 som si nak\u00fapila potrebn\u00fd materi\u00e1l a sk\u00fa\u0161ala som. Za\u010dalo to najprv \u0161perkovnicami nesk\u00f4r zrkadielkami, maskami na spanie at\u010f. Ve\u013emi ma bav\u00ed vym\u00fd\u0161\u013ea\u0165 nov\u00e9 produkty a \u010do ma najviac pos\u00fava vpred s\u00fa va\u0161e spokojn\u00e9 recenzie. No a ostatn\u00e9 u\u017e pozn\u00e1te, zvy\u0161ok n\u00e1jdete tu na mojej str\u00e1nke. Toto je v skratke moja cesta, ver\u00edm, \u017ee na nej ostanete spolu so mnou \ud83d\ude42&nbsp; &nbsp;&nbsp;<\/p>\n<p><\/p>\n<p>Va\u0161a Petranka<\/p>\n<p><\/p>\n<p>\u010eakujem, \u017ee podporujete moje mal\u00e9 no pre m\u0148a ve\u013ek\u00e9 podnikanie a podie\u013eate sa na plnen\u00ed m\u00f4jho sna.&nbsp;<\/p><p><br><\/p><p><br><\/p>\t\t\t\t\t\t\t\t<\/div>\n\t\t\t\t<\/div>\n\t\t\t\t\t<\/div>\n\t\t<\/div>\n\t\t\t\t\t<\/div>\n\t\t<\/section>\n\t\t\t\t<\/div>\n\t\t","protected":false},"excerpt":{"rendered":"<p>M\u00f4j pr\u00edbeh Ahojte, vol\u00e1m sa Petra a som zakladate\u013ekou zna\u010dky Petranka. Petranka vznikla na konci roku 2016, kedy som u\u017e bola ako tak p\u00e1r mesiacov zabehnut\u00e1 v klasickej robote. Nie\u010do mi v\u0161ak ch\u00fdbalo, ch\u00fdbala mi kreat\u00edvna pr\u00e1ca a tvorenie. Uva\u017eovala som, ak\u00fdm smerom by som mohla \u00eds\u0165, h\u013eadala som in\u0161pir\u00e1cie na internete a na\u0161la som. [&hellip;]<\/p>\n","protected":false},"author":1,"featured_media":0,"parent":0,"menu_order":0,"comment_status":"closed","ping_status":"closed","template":"","meta":{"_monsterinsights_skip_tracking":false,"_monsterinsights_sitenote_active":false,"_monsterinsights_sitenote_note":"","_monsterinsights_sitenote_category":0,"site-sidebar-layout":"no-sidebar","site-content-layout":"page-builder","ast-site-content-layout":"full-width-container","site-content-style":"unboxed","site-sidebar-style":"unboxed","ast-global-header-display":"","ast-banner-title-visibility":"","ast-main-header-display":"","ast-hfb-above-header-display":"","ast-hfb-below-header-display":"","ast-hfb-mobile-header-display":"","site-post-title":"disabled","ast-breadcrumbs-content":"","ast-featured-img":"disabled","footer-sml-layout":"","ast-disable-related-posts":"","theme-transparent-header-meta":"enabled","adv-header-id-meta":"","stick-header-meta":"","header-above-stick-meta":"","header-main-stick-meta":"","header-below-stick-meta":"","astra-migrate-meta-layouts":"set","ast-page-background-enabled":"default","ast-page-background-meta":{"desktop":{"background-color":"","background-image":"","background-repeat":"repeat","background-position":"center center","background-size":"auto","background-attachment":"scroll","background-type":"","background-media":"","overlay-type":"","overlay-color":"","overlay-opacity":"","overlay-gradient":""},"tablet":{"background-color":"","background-image":"","background-repeat":"repeat","background-position":"center center","background-size":"auto","background-attachment":"scroll","background-type":"","background-media":"","overlay-type":"","overlay-color":"","overlay-opacity":"","overlay-gradient":""},"mobile":{"background-color":"","background-image":"","background-repeat":"repeat","background-position":"center center","background-size":"auto","background-attachment":"scroll","background-type":"","background-media":"","overlay-type":"","overlay-color":"","overlay-opacity":"","overlay-gradient":""}},"ast-content-background-meta":{"desktop":{"background-color":"var(--ast-global-color-5)","background-image":"","background-repeat":"repeat","background-position":"center center","background-size":"auto","background-attachment":"scroll","background-type":"","background-media":"","overlay-type":"","overlay-color":"","overlay-opacity":"","overlay-gradient":""},"tablet":{"background-color":"var(--ast-global-color-5)","background-image":"","background-repeat":"repeat","background-position":"center center","background-size":"auto","background-attachment":"scroll","background-type":"","background-media":"","overlay-type":"","overlay-color":"","overlay-opacity":"","overlay-gradient":""},"mobile":{"background-color":"var(--ast-global-color-5)","background-image":"","background-repeat":"repeat","background-position":"center center","background-size":"auto","background-attachment":"scroll","background-type":"","background-media":"","overlay-type":"","overlay-color":"","overlay-opacity":"","overlay-gradient":""}},"footnotes":""},"aioseo_notices":[],"_links":{"self":[{"href":"https:\/\/petranka.eu\/index.php\/wp-json\/wp\/v2\/pages\/1083"}],"collection":[{"href":"https:\/\/petranka.eu\/index.php\/wp-json\/wp\/v2\/pages"}],"about":[{"href":"https:\/\/petranka.eu\/index.php\/wp-json\/wp\/v2\/types\/page"}],"author":[{"embeddable":true,"href":"https:\/\/petranka.eu\/index.php\/wp-json\/wp\/v2\/users\/1"}],"replies":[{"embeddable":true,"href":"https:\/\/petranka.eu\/index.php\/wp-json\/wp\/v2\/comments?post=1083"}],"version-history":[{"count":17,"href":"https:\/\/petranka.eu\/index.php\/wp-json\/wp\/v2\/pages\/1083\/revisions"}],"predecessor-version":[{"id":2844,"href":"https:\/\/petranka.eu\/index.php\/wp-json\/wp\/v2\/pages\/1083\/revisions\/2844"}],"wp:attachment":[{"href":"https:\/\/petranka.eu\/index.php\/wp-json\/wp\/v2\/media?parent=1083"}],"curies":[{"name":"wp","href":"https:\/\/api.w.org\/{rel}","templated":true}]}}